{"id":20479,"date":"2023-09-14T15:54:47","date_gmt":"2023-09-14T20:54:47","guid":{"rendered":"https:\/\/computerdoctors.com.pa\/?page_id=20479"},"modified":"2023-09-14T15:58:15","modified_gmt":"2023-09-14T20:58:15","slug":"politicas-de-cookies-y-redes-sociales","status":"publish","type":"page","link":"https:\/\/computerdoctors.com.pa\/index.php\/politicas-de-cookies-y-redes-sociales\/","title":{"rendered":"Pol\u00edticas De Cookies Y Redes Sociales"},"content":{"rendered":"\t\t<div data-elementor-type=\"wp-page\" data-elementor-id=\"20479\" class=\"elementor elementor-20479\">\n\t\t\t\t\t\t\t\t\t<section class=\"elementor-section elementor-top-section elementor-element elementor-element-f966911 elementor-section-boxed elementor-section-height-default elementor-section-height-default\" data-id=\"f966911\" data-element_type=\"section\">\n\t\t\t\t\t\t<div class=\"elementor-container elementor-column-gap-default\">\n\t\t\t\t\t<div class=\"elementor-column elementor-col-100 elementor-top-column elementor-element elementor-element-7001779\" data-id=\"7001779\" data-element_type=\"column\">\n\t\t\t<div class=\"elementor-widget-wrap elementor-element-populated\">\n\t\t\t\t\t\t\t\t<div class=\"elementor-element elementor-element-02bc387 elementor-widget elementor-widget-spacer\" data-id=\"02bc387\" data-element_type=\"widget\" data-widget_type=\"spacer.default\">\n\t\t\t\t<div class=\"elementor-widget-container\">\n\t\t\t<style>\/*! elementor - v3.14.0 - 18-06-2023 *\/\n.elementor-column .elementor-spacer-inner{height:var(--spacer-size)}.e-con{--container-widget-width:100%}.e-con-inner>.elementor-widget-spacer,.e-con>.elementor-widget-spacer{width:var(--container-widget-width,var(--spacer-size));--align-self:var(--container-widget-align-self,initial);--flex-shrink:0}.e-con-inner>.elementor-widget-spacer>.elementor-widget-container,.e-con-inner>.elementor-widget-spacer>.elementor-widget-container>.elementor-spacer,.e-con>.elementor-widget-spacer>.elementor-widget-container,.e-con>.elementor-widget-spacer>.elementor-widget-container>.elementor-spacer{height:100%}.e-con-inner>.elementor-widget-spacer>.elementor-widget-container>.elementor-spacer>.elementor-spacer-inner,.e-con>.elementor-widget-spacer>.elementor-widget-container>.elementor-spacer>.elementor-spacer-inner{height:var(--container-widget-height,var(--spacer-size))}<\/style>\t\t<div class=\"elementor-spacer\">\n\t\t\t<div class=\"elementor-spacer-inner\"><\/div>\n\t\t<\/div>\n\t\t\t\t<\/div>\n\t\t\t\t<\/div>\n\t\t\t\t<div class=\"elementor-element elementor-element-7b0b874 elementor-widget elementor-widget-heading\" data-id=\"7b0b874\" data-element_type=\"widget\" data-widget_type=\"heading.default\">\n\t\t\t\t<div class=\"elementor-widget-container\">\n\t\t\t<style>\/*! elementor - v3.14.0 - 18-06-2023 *\/\n.elementor-heading-title{padding:0;margin:0;line-height:1}.elementor-widget-heading .elementor-heading-title[class*=elementor-size-]>a{color:inherit;font-size:inherit;line-height:inherit}.elementor-widget-heading .elementor-heading-title.elementor-size-small{font-size:15px}.elementor-widget-heading .elementor-heading-title.elementor-size-medium{font-size:19px}.elementor-widget-heading .elementor-heading-title.elementor-size-large{font-size:29px}.elementor-widget-heading .elementor-heading-title.elementor-size-xl{font-size:39px}.elementor-widget-heading .elementor-heading-title.elementor-size-xxl{font-size:59px}<\/style><h2 class=\"elementor-heading-title elementor-size-default\">Pol\u00edticas De Cookies y Redes Sociales<\/h2>\t\t<\/div>\n\t\t\t\t<\/div>\n\t\t\t\t<div class=\"elementor-element elementor-element-acabc50 elementor-widget__width-initial elementor-widget elementor-widget-text-editor\" data-id=\"acabc50\" data-element_type=\"widget\" data-widget_type=\"text-editor.default\">\n\t\t\t\t<div class=\"elementor-widget-container\">\n\t\t\t<style>\/*! elementor - v3.14.0 - 18-06-2023 *\/\n.elementor-widget-text-editor.elementor-drop-cap-view-stacked .elementor-drop-cap{background-color:#69727d;color:#fff}.elementor-widget-text-editor.elementor-drop-cap-view-framed .elementor-drop-cap{color:#69727d;border:3px solid;background-color:transparent}.elementor-widget-text-editor:not(.elementor-drop-cap-view-default) .elementor-drop-cap{margin-top:8px}.elementor-widget-text-editor:not(.elementor-drop-cap-view-default) .elementor-drop-cap-letter{width:1em;height:1em}.elementor-widget-text-editor .elementor-drop-cap{float:left;text-align:center;line-height:1;font-size:50px}.elementor-widget-text-editor .elementor-drop-cap-letter{display:inline-block}<\/style>\t\t\t\t<ul><li>Cookie es un fichero que se descarga en su ordenador al acceder a determinadas p\u00e1ginas web. Las cookies permiten a una p\u00e1gina web, entre otras cosas, almacenar y recuperar informaci\u00f3n sobre los h\u00e1bitos de navegaci\u00f3n de un usuario o de su equipo y, dependiendo de la informaci\u00f3n que contengan y de la forma en que utilice su equipo, pueden utilizarse para reconocer al usuario. El navegador del usuario memoriza cookies en el disco duro solamente durante la sesi\u00f3n actual ocupando un espacio de memoria m\u00ednimo y no perjudicando al ordenador. Las cookies no contienen ninguna clase de informaci\u00f3n personal espec\u00edfica, y la mayor\u00eda de las mismas se borran del disco duro al finalizar la sesi\u00f3n de navegador (las denominadas cookies de sesi\u00f3n).<\/li><\/ul><p>La mayor\u00eda de los navegadores aceptan como est\u00e1ndar a las cookies y, con independencia de las mismas, permiten o impiden en los ajustes de seguridad las cookies temporales o memorizadas.<\/p><p>Sin su expreso consentimiento \u2013 mediante la activaci\u00f3n de las cookies en su navegador \u2013 Computer Doctor\u2019s no enlazar\u00e1 en las cookies los datos memorizados con sus datos personales proporcionados en el momento del registro o la compra.<\/p><p><b>COOKIES QUE PUEDEN SER UTILIZADA\u00a0 ESTA P\u00c1GINA WEB<\/b><\/p><ul><li>Cookies t\u00e9cnicas: Son aquellas que permiten al usuario la navegaci\u00f3n a trav\u00e9s de una p\u00e1gina web, plataforma o aplicaci\u00f3n y la utilizaci\u00f3n de las diferentes opciones o servicios que en ella existan como, por ejemplo, controlar el tr\u00e1fico y la comunicaci\u00f3n de datos, identificar la sesi\u00f3n, acceder a partes de acceso restringido, recordar los elementos que integran un pedido, realizar el proceso de compra de un pedido, realizar la solicitud de inscripci\u00f3n o participaci\u00f3n en un evento, utilizar elementos de seguridad durante la navegaci\u00f3n, almacenar contenidos para la difusi\u00f3n de videos o sonido o compartir contenidos a trav\u00e9s de redes sociales.<\/li><li>Cookies de personalizaci\u00f3n: Son aquellas que permiten al usuario acceder al servicio con algunas caracter\u00edsticas de car\u00e1cter general predefinidas en funci\u00f3n de una serie de criterios en el terminal del usuario como por ejemplo serian el idioma, el tipo de navegador a trav\u00e9s del cual accede al servicio, la configuraci\u00f3n regional desde donde accede al servicio, etc.<\/li><li>Cookies de an\u00e1lisis: Son aquellas que bien tratadas por nosotros o por terceros, nos permiten cuantificar el n\u00famero de usuarios y as\u00ed realizar la medici\u00f3n y an\u00e1lisis estad\u00edstico de la utilizaci\u00f3n que hacen los usuarios del servicio ofertado. Para ello se analiza su navegaci\u00f3n en nuestra p\u00e1gina web con el fin de mejorar la oferta de productos o servicios que le ofrecemos.<\/li><li>Cookies publicitarias: Son aquellas que, bien tratadas por nosotros o por terceros, nos permiten gestionar de la forma m\u00e1s eficaz posible la oferta de los espacios publicitarios que hay en la p\u00e1gina web, adecuando el contenido del anuncio al contenido del servicio solicitado o al uso que realice de nuestra p\u00e1gina web. Para ello podemos analizar sus h\u00e1bitos de navegaci\u00f3n en Internet y podemos mostrarle publicidad relacionada con su perfil de navegaci\u00f3n.<\/li><li>Cookies de publicidad comportamental: Son aquellas que permiten la gesti\u00f3n, de la forma m\u00e1s eficaz posible, de los espacios publicitarios que, en su caso, el editor haya incluido en una p\u00e1gina web, aplicaci\u00f3n o plataforma desde la que presta el servicio solicitado. Estas cookies almacenan informaci\u00f3n del comportamiento de los usuarios obtenida a trav\u00e9s de la observaci\u00f3n continuada de sus h\u00e1bitos de navegaci\u00f3n, lo que permite desarrollar un perfil espec\u00edfico para mostrar publicidad en funci\u00f3n del mismo.<\/li><li>Cookies de terceros:\u00a0 nuestro sitio web puede utilizar servicios de terceros que recopilaran informaci\u00f3n con fines estad\u00edsticos, de uso del Site por parte del usuario y para la prestaci\u00f3n de otros servicios relacionados con la actividad del Website y servicios de Internet.<\/li><\/ul><p><strong>El Usuario acepta expresamente, por la utilizaci\u00f3n de este Site, el tratamiento de la informaci\u00f3n recabada en la forma y con los fines anteriormente mencionados. \u00a0<\/strong>Y asimismo reconoce conocer la posibilidad de rechazar el tratamiento de tales datos o informaci\u00f3n rechazando el uso de Cookies mediante la selecci\u00f3n de la configuraci\u00f3n apropiada a tal fin en su navegador. Si bien esta opci\u00f3n de bloqueo de Cookies en su navegador puede no permitirle el uso pleno de todas las funcionalidades del Website.<\/p><p>Puede usted permitir, bloquear o eliminar las cookies instaladas en su equipo mediante la configuraci\u00f3n de las opciones del navegador instalado en su ordenador (Chrome, Explorer, Edge, Firefox, Safari, Opera).<\/p><p>Si tiene dudas sobre esta pol\u00edtica de cookies, puede contactarnos en\u00a0<a href=\"mailto:info@computerdoctors.com.pa\">info@computerdoctors.com.pa<\/a><\/p><p><b>Redes sociales<\/b><\/p><p>En nuestro sitio web, agregamos v\u00ednculos a varios servicios de redes sociales (Facebook, Twitter, Instagram, YouTube, Pinterest, Linkedin). Al hacer clic en el s\u00edmbolo que corresponde o el nombre completo, ser\u00e1 direccionado al sitio web del servicio pertinente. Si selecciona el s\u00edmbolo \u201cCompartir\u201d y elige un servicio de redes sociales, puede publicar un evento (como un resultado de b\u00fasqueda espec\u00edfico) en el sitio web de este servicio. Si visita el v\u00ednculo de uno de los servicios que aparecen debajo de la l\u00ednea de texto \u201cS\u00edguenos\u201d, podr\u00e1 seguir nuestras actividades en la plataforma del servicio elegida. En los sitios web de servicios de redes sociales, aplican las pol\u00edticas de privacidad de datos y los t\u00e9rminos de uso de cada servicio. <strong>COMPUTER DOCTOR\u2019S,<\/strong>\u00a0no participa en la recopilaci\u00f3n, el procesamiento y el uso de datos en estos sitios web.<\/p><p><b>Conexi\u00f3n con Redes<\/b><\/p><p>Si se registra con alguna de las redes sociales, est\u00e1 le pedir\u00e1 permiso para compartir con\u00a0<strong>Computer Doctor\u2019s <\/strong>determinada informaci\u00f3n de su cuenta. Esto puede incluir su nombre, apellido, direcci\u00f3n de correo electr\u00f3nico para que podamos verificar su identidad y sexo, ubicaci\u00f3n general, un v\u00ednculo a su perfil de la red social, su uso horario, fecha de cumplea\u00f1os, fotograf\u00eda de perfil, sus \u201cme gusta\u201d y su lista de amigos. Las redes recopilan esta informaci\u00f3n y nos la proporcionan bajo sus t\u00e9rminos de Pol\u00edtica de privacidad. Puede controlar la informaci\u00f3n que recibimos de Facebook mediante la configuraci\u00f3n de privacidad de su cuenta de Facebook. Si se registra en\u00a0<strong>Computer Doctor\u2019s <\/strong>mediante Facebook, su cuenta de\u00a0<strong>Computer Doctor\u00b4s <\/strong>estar\u00e1 conectada autom\u00e1ticamente a su cuenta de Facebook y la informaci\u00f3n sobre sus actividades en\u00a0<strong>Computer Doctor\u00b4s <\/strong>podr\u00eda ser compartida con Facebook y publicada en su biograf\u00eda y en el feed de noticias de sus amigos de Facebook.<\/p><p><b>SEGURIDAD<\/b><\/p><p><strong>Computer Doctor\u2019s <\/strong>implementa medidas de seguridad t\u00e9cnica y organizacional para proteger los datos personales almacenados frente a la manipulaci\u00f3n involuntaria o deliberada, la p\u00e9rdida o la destrucci\u00f3n y el acceso por parte de personas no autorizadas. Nuestras medidas de seguridad mejoran continuamente en consonancia con los progresos tecnol\u00f3gicos.<\/p><p><b>SUS DERECHOS<\/b><\/p><p>Previa solicitud por escrito, le informaremos, conforme a nuestra obligaci\u00f3n establecida por la ley, si tenemos almacenados datos privados sobre usted y cu\u00e1les son esos datos. Seg\u00fan lo dispuesto por la Ley de Protecci\u00f3n de Datos, usted puede solicitar la correcci\u00f3n, el bloqueo y la eliminaci\u00f3n de dichos datos, a menos que estas solicitudes entren en conflicto con los l\u00edmites de tiempo para el almacenamiento establecidos por la ley. Para obtener m\u00e1s informaci\u00f3n sobre sus derechos, comun\u00edquese con nosotros.<\/p><p>En el caso de que haya discrepancias entre las declaraciones de privacidad de datos en los diferentes idiomas a ra\u00edz de la traducci\u00f3n, prevalecer\u00e1 la versi\u00f3n original del sitio web.<\/p>\t\t\t\t\t\t<\/div>\n\t\t\t\t<\/div>\n\t\t\t\t<div class=\"elementor-element elementor-element-b99090f elementor-widget elementor-widget-spacer\" data-id=\"b99090f\" data-element_type=\"widget\" data-widget_type=\"spacer.default\">\n\t\t\t\t<div class=\"elementor-widget-container\">\n\t\t\t\t\t<div class=\"elementor-spacer\">\n\t\t\t<div class=\"elementor-spacer-inner\"><\/div>\n\t\t<\/div>\n\t\t\t\t<\/div>\n\t\t\t\t<\/div>\n\t\t\t\t\t<\/div>\n\t\t<\/div>\n\t\t\t\t\t\t\t<\/div>\n\t\t<\/section>\n\t\t\t\t\t\t\t<\/div>\n\t\t","protected":false},"excerpt":{"rendered":"<p>Pol\u00edticas De Cookies y Redes Sociales Cookie es un fichero que se descarga en su ordenador al acceder a determinadas p\u00e1ginas web. Las cookies permiten a una p\u00e1gina web, entre otras cosas, almacenar y recuperar informaci\u00f3n sobre los h\u00e1bitos de navegaci\u00f3n de un usuario o de su equipo y, dependiendo de la informaci\u00f3n que contengan [&hellip;]<\/p>\n","protected":false},"author":1,"featured_media":0,"parent":0,"menu_order":0,"comment_status":"closed","ping_status":"closed","template":"elementor_canvas","meta":{"footnotes":""},"class_list":["post-20479","page","type-page","status-publish","hentry"],"yoast_head":"<!-- This site is optimized with the Yoast SEO plugin v21.2 - https:\/\/yoast.com\/wordpress\/plugins\/seo\/ -->\n<title>Pol\u00edticas De Cookies Y Redes Sociales - Computer Doctor\u00b4s<\/title>\n<meta name=\"robots\" content=\"index, follow, max-snippet:-1, max-image-preview:large, max-video-preview:-1\" \/>\n<link rel=\"canonical\" href=\"https:\/\/computerdoctors.com.pa\/index.php\/politicas-de-cookies-y-redes-sociales\/\" \/>\n<meta property=\"og:locale\" content=\"es_ES\" \/>\n<meta property=\"og:type\" content=\"article\" \/>\n<meta property=\"og:title\" content=\"Pol\u00edticas De Cookies Y Redes Sociales - Computer Doctor\u00b4s\" \/>\n<meta property=\"og:description\" content=\"Pol\u00edticas De Cookies y Redes Sociales Cookie es un fichero que se descarga en su ordenador al acceder a determinadas p\u00e1ginas web. Las cookies permiten a una p\u00e1gina web, entre otras cosas, almacenar y recuperar informaci\u00f3n sobre los h\u00e1bitos de navegaci\u00f3n de un usuario o de su equipo y, dependiendo de la informaci\u00f3n que contengan [&hellip;]\" \/>\n<meta property=\"og:url\" content=\"https:\/\/computerdoctors.com.pa\/index.php\/politicas-de-cookies-y-redes-sociales\/\" \/>\n<meta property=\"og:site_name\" content=\"Computer Doctor\u00b4s\" \/>\n<meta property=\"article:modified_time\" content=\"2023-09-14T20:58:15+00:00\" \/>\n<meta name=\"twitter:card\" content=\"summary_large_image\" \/>\n<meta name=\"twitter:label1\" content=\"Tiempo de lectura\" \/>\n\t<meta name=\"twitter:data1\" content=\"6 minutos\" \/>\n<script type=\"application\/ld+json\" class=\"yoast-schema-graph\">{\"@context\":\"https:\/\/schema.org\",\"@graph\":[{\"@type\":\"WebPage\",\"@id\":\"https:\/\/computerdoctors.com.pa\/index.php\/politicas-de-cookies-y-redes-sociales\/\",\"url\":\"https:\/\/computerdoctors.com.pa\/index.php\/politicas-de-cookies-y-redes-sociales\/\",\"name\":\"Pol\u00edticas De Cookies Y Redes Sociales - Computer Doctor\u00b4s\",\"isPartOf\":{\"@id\":\"https:\/\/computerdoctors.com.pa\/#website\"},\"datePublished\":\"2023-09-14T20:54:47+00:00\",\"dateModified\":\"2023-09-14T20:58:15+00:00\",\"breadcrumb\":{\"@id\":\"https:\/\/computerdoctors.com.pa\/index.php\/politicas-de-cookies-y-redes-sociales\/#breadcrumb\"},\"inLanguage\":\"es\",\"potentialAction\":[{\"@type\":\"ReadAction\",\"target\":[\"https:\/\/computerdoctors.com.pa\/index.php\/politicas-de-cookies-y-redes-sociales\/\"]}]},{\"@type\":\"BreadcrumbList\",\"@id\":\"https:\/\/computerdoctors.com.pa\/index.php\/politicas-de-cookies-y-redes-sociales\/#breadcrumb\",\"itemListElement\":[{\"@type\":\"ListItem\",\"position\":1,\"name\":\"Home\",\"item\":\"https:\/\/computerdoctors.com.pa\/\"},{\"@type\":\"ListItem\",\"position\":2,\"name\":\"Pol\u00edticas De Cookies Y Redes Sociales\"}]},{\"@type\":\"WebSite\",\"@id\":\"https:\/\/computerdoctors.com.pa\/#website\",\"url\":\"https:\/\/computerdoctors.com.pa\/\",\"name\":\"Computer Doctor\u00b4s\",\"description\":\"Empresa de tecnolog\u00eda\",\"potentialAction\":[{\"@type\":\"SearchAction\",\"target\":{\"@type\":\"EntryPoint\",\"urlTemplate\":\"https:\/\/computerdoctors.com.pa\/?s={search_term_string}\"},\"query-input\":\"required name=search_term_string\"}],\"inLanguage\":\"es\"}]}<\/script>\n<!-- \/ Yoast SEO plugin. -->","yoast_head_json":{"title":"Pol\u00edticas De Cookies Y Redes Sociales - Computer Doctor\u00b4s","robots":{"index":"index","follow":"follow","max-snippet":"max-snippet:-1","max-image-preview":"max-image-preview:large","max-video-preview":"max-video-preview:-1"},"canonical":"https:\/\/computerdoctors.com.pa\/index.php\/politicas-de-cookies-y-redes-sociales\/","og_locale":"es_ES","og_type":"article","og_title":"Pol\u00edticas De Cookies Y Redes Sociales - Computer Doctor\u00b4s","og_description":"Pol\u00edticas De Cookies y Redes Sociales Cookie es un fichero que se descarga en su ordenador al acceder a determinadas p\u00e1ginas web. Las cookies permiten a una p\u00e1gina web, entre otras cosas, almacenar y recuperar informaci\u00f3n sobre los h\u00e1bitos de navegaci\u00f3n de un usuario o de su equipo y, dependiendo de la informaci\u00f3n que contengan [&hellip;]","og_url":"https:\/\/computerdoctors.com.pa\/index.php\/politicas-de-cookies-y-redes-sociales\/","og_site_name":"Computer Doctor\u00b4s","article_modified_time":"2023-09-14T20:58:15+00:00","twitter_card":"summary_large_image","twitter_misc":{"Tiempo de lectura":"6 minutos"},"schema":{"@context":"https:\/\/schema.org","@graph":[{"@type":"WebPage","@id":"https:\/\/computerdoctors.com.pa\/index.php\/politicas-de-cookies-y-redes-sociales\/","url":"https:\/\/computerdoctors.com.pa\/index.php\/politicas-de-cookies-y-redes-sociales\/","name":"Pol\u00edticas De Cookies Y Redes Sociales - Computer Doctor\u00b4s","isPartOf":{"@id":"https:\/\/computerdoctors.com.pa\/#website"},"datePublished":"2023-09-14T20:54:47+00:00","dateModified":"2023-09-14T20:58:15+00:00","breadcrumb":{"@id":"https:\/\/computerdoctors.com.pa\/index.php\/politicas-de-cookies-y-redes-sociales\/#breadcrumb"},"inLanguage":"es","potentialAction":[{"@type":"ReadAction","target":["https:\/\/computerdoctors.com.pa\/index.php\/politicas-de-cookies-y-redes-sociales\/"]}]},{"@type":"BreadcrumbList","@id":"https:\/\/computerdoctors.com.pa\/index.php\/politicas-de-cookies-y-redes-sociales\/#breadcrumb","itemListElement":[{"@type":"ListItem","position":1,"name":"Home","item":"https:\/\/computerdoctors.com.pa\/"},{"@type":"ListItem","position":2,"name":"Pol\u00edticas De Cookies Y Redes Sociales"}]},{"@type":"WebSite","@id":"https:\/\/computerdoctors.com.pa\/#website","url":"https:\/\/computerdoctors.com.pa\/","name":"Computer Doctor\u00b4s","description":"Empresa de tecnolog\u00eda","potentialAction":[{"@type":"SearchAction","target":{"@type":"EntryPoint","urlTemplate":"https:\/\/computerdoctors.com.pa\/?s={search_term_string}"},"query-input":"required name=search_term_string"}],"inLanguage":"es"}]}},"_links":{"self":[{"href":"https:\/\/computerdoctors.com.pa\/index.php\/wp-json\/wp\/v2\/pages\/20479","targetHints":{"allow":["GET"]}}],"collection":[{"href":"https:\/\/computerdoctors.com.pa\/index.php\/wp-json\/wp\/v2\/pages"}],"about":[{"href":"https:\/\/computerdoctors.com.pa\/index.php\/wp-json\/wp\/v2\/types\/page"}],"author":[{"embeddable":true,"href":"https:\/\/computerdoctors.com.pa\/index.php\/wp-json\/wp\/v2\/users\/1"}],"replies":[{"embeddable":true,"href":"https:\/\/computerdoctors.com.pa\/index.php\/wp-json\/wp\/v2\/comments?post=20479"}],"version-history":[{"count":4,"href":"https:\/\/computerdoctors.com.pa\/index.php\/wp-json\/wp\/v2\/pages\/20479\/revisions"}],"predecessor-version":[{"id":20483,"href":"https:\/\/computerdoctors.com.pa\/index.php\/wp-json\/wp\/v2\/pages\/20479\/revisions\/20483"}],"wp:attachment":[{"href":"https:\/\/computerdoctors.com.pa\/index.php\/wp-json\/wp\/v2\/media?parent=20479"}],"curies":[{"name":"wp","href":"https:\/\/api.w.org\/{rel}","templated":true}]}}