{"id":34550,"date":"2023-10-24T09:42:47","date_gmt":"2023-10-24T14:42:47","guid":{"rendered":"https:\/\/computerdoctors.com.pa\/?page_id=34550"},"modified":"2023-10-24T09:54:08","modified_gmt":"2023-10-24T14:54:08","slug":"nosotros","status":"publish","type":"page","link":"https:\/\/computerdoctors.com.pa\/index.php\/nosotros\/","title":{"rendered":"Nosotros"},"content":{"rendered":"\t\t<div data-elementor-type=\"wp-page\" data-elementor-id=\"34550\" class=\"elementor elementor-34550\">\n\t\t\t\t\t\t\t\t\t<section class=\"elementor-section elementor-top-section elementor-element elementor-element-0566194 elementor-section-boxed elementor-section-height-default elementor-section-height-default\" data-id=\"0566194\" data-element_type=\"section\" data-settings=\"{&quot;background_background&quot;:&quot;classic&quot;}\">\n\t\t\t\t\t\t\t<div class=\"elementor-background-overlay\"><\/div>\n\t\t\t\t\t\t\t<div class=\"elementor-container elementor-column-gap-default\">\n\t\t\t\t\t<div class=\"elementor-column elementor-col-100 elementor-top-column elementor-element elementor-element-5a911d6\" data-id=\"5a911d6\" data-element_type=\"column\">\n\t\t\t<div class=\"elementor-widget-wrap elementor-element-populated\">\n\t\t\t\t\t\t\t\t<div class=\"elementor-element elementor-element-212dd9b elementor-widget elementor-widget-heading\" data-id=\"212dd9b\" data-element_type=\"widget\" data-widget_type=\"heading.default\">\n\t\t\t\t<div class=\"elementor-widget-container\">\n\t\t\t<style>\/*! elementor - v3.14.0 - 18-06-2023 *\/\n.elementor-heading-title{padding:0;margin:0;line-height:1}.elementor-widget-heading .elementor-heading-title[class*=elementor-size-]>a{color:inherit;font-size:inherit;line-height:inherit}.elementor-widget-heading .elementor-heading-title.elementor-size-small{font-size:15px}.elementor-widget-heading .elementor-heading-title.elementor-size-medium{font-size:19px}.elementor-widget-heading .elementor-heading-title.elementor-size-large{font-size:29px}.elementor-widget-heading .elementor-heading-title.elementor-size-xl{font-size:39px}.elementor-widget-heading .elementor-heading-title.elementor-size-xxl{font-size:59px}<\/style><h2 class=\"elementor-heading-title elementor-size-default\">Nosotros<\/h2>\t\t<\/div>\n\t\t\t\t<\/div>\n\t\t\t\t\t<\/div>\n\t\t<\/div>\n\t\t\t\t\t\t\t<\/div>\n\t\t<\/section>\n\t\t\t\t<section class=\"elementor-section elementor-top-section elementor-element elementor-element-1e60593 elementor-section-boxed elementor-section-height-default elementor-section-height-default\" data-id=\"1e60593\" data-element_type=\"section\">\n\t\t\t\t\t\t<div class=\"elementor-container elementor-column-gap-default\">\n\t\t\t\t\t<div class=\"elementor-column elementor-col-100 elementor-top-column elementor-element elementor-element-ff806fc\" data-id=\"ff806fc\" data-element_type=\"column\">\n\t\t\t<div class=\"elementor-widget-wrap elementor-element-populated\">\n\t\t\t\t\t\t\t\t<div class=\"elementor-element elementor-element-14d98c0 elementor-widget elementor-widget-heading\" data-id=\"14d98c0\" data-element_type=\"widget\" data-widget_type=\"heading.default\">\n\t\t\t\t<div class=\"elementor-widget-container\">\n\t\t\t<h2 class=\"elementor-heading-title elementor-size-default\"><b>COMPUTER DOCTOR\u2019S, S.A.<\/b>  empresa paname\u00f1a con m\u00e1s de 20 a\u00f1os de experiencia brindando Asesor\u00eda y soporte t\u00e9cnico a equipos MAC y PC,  adem\u00e1s de soluciones de tecnolog\u00eda a clientes tanto empresariales como residenciales.  Contamos con una amplia gama de productos tecnol\u00f3gicos de reconocidas marcas con respaldo de garant\u00eda.<\/h2>\t\t<\/div>\n\t\t\t\t<\/div>\n\t\t\t\t\t<\/div>\n\t\t<\/div>\n\t\t\t\t\t\t\t<\/div>\n\t\t<\/section>\n\t\t\t\t<section class=\"elementor-section elementor-top-section elementor-element elementor-element-2e43490 elementor-section-boxed elementor-section-height-default elementor-section-height-default\" data-id=\"2e43490\" data-element_type=\"section\">\n\t\t\t\t\t\t<div class=\"elementor-container elementor-column-gap-default\">\n\t\t\t\t\t<div class=\"elementor-column elementor-col-33 elementor-top-column elementor-element elementor-element-5bc93c7\" data-id=\"5bc93c7\" data-element_type=\"column\">\n\t\t\t<div class=\"elementor-widget-wrap elementor-element-populated\">\n\t\t\t\t\t\t\t\t<div class=\"elementor-element elementor-element-1cae20d elementor-widget elementor-widget-heading\" data-id=\"1cae20d\" data-element_type=\"widget\" data-widget_type=\"heading.default\">\n\t\t\t\t<div class=\"elementor-widget-container\">\n\t\t\t<h2 class=\"elementor-heading-title elementor-size-default\">VISI\u00d3N<\/h2>\t\t<\/div>\n\t\t\t\t<\/div>\n\t\t\t\t<div class=\"elementor-element elementor-element-9af64f2 elementor-widget elementor-widget-heading\" data-id=\"9af64f2\" data-element_type=\"widget\" data-widget_type=\"heading.default\">\n\t\t\t\t<div class=\"elementor-widget-container\">\n\t\t\t<h2 class=\"elementor-heading-title elementor-size-default\">Crear un sistema de trabajo tecnol\u00f3gico de acuerdo a las facilidades de nuestros clientes y mejorar d\u00eda a d\u00eda con un crecimiento sostenible.<\/h2>\t\t<\/div>\n\t\t\t\t<\/div>\n\t\t\t\t\t<\/div>\n\t\t<\/div>\n\t\t\t\t<div class=\"elementor-column elementor-col-33 elementor-top-column elementor-element elementor-element-1399c13\" data-id=\"1399c13\" data-element_type=\"column\">\n\t\t\t<div class=\"elementor-widget-wrap elementor-element-populated\">\n\t\t\t\t\t\t\t\t<div class=\"elementor-element elementor-element-f0f0830 elementor-widget elementor-widget-heading\" data-id=\"f0f0830\" data-element_type=\"widget\" data-widget_type=\"heading.default\">\n\t\t\t\t<div class=\"elementor-widget-container\">\n\t\t\t<h2 class=\"elementor-heading-title elementor-size-default\">MISI\u00d3N<\/h2>\t\t<\/div>\n\t\t\t\t<\/div>\n\t\t\t\t<div class=\"elementor-element elementor-element-d4d1a87 elementor-widget elementor-widget-heading\" data-id=\"d4d1a87\" data-element_type=\"widget\" data-widget_type=\"heading.default\">\n\t\t\t\t<div class=\"elementor-widget-container\">\n\t\t\t<h2 class=\"elementor-heading-title elementor-size-default\">Apoyar a nuestros clientes con la venta de productos inform\u00e1ticos y brindar los mejores servicios en el campo de la tecnolog\u00eda.<\/h2>\t\t<\/div>\n\t\t\t\t<\/div>\n\t\t\t\t\t<\/div>\n\t\t<\/div>\n\t\t\t\t<div class=\"elementor-column elementor-col-33 elementor-top-column elementor-element elementor-element-aeb362e\" data-id=\"aeb362e\" data-element_type=\"column\">\n\t\t\t<div class=\"elementor-widget-wrap elementor-element-populated\">\n\t\t\t\t\t\t\t\t<div class=\"elementor-element elementor-element-263cfaf elementor-widget elementor-widget-heading\" data-id=\"263cfaf\" data-element_type=\"widget\" data-widget_type=\"heading.default\">\n\t\t\t\t<div class=\"elementor-widget-container\">\n\t\t\t<h2 class=\"elementor-heading-title elementor-size-default\">VALORES<\/h2>\t\t<\/div>\n\t\t\t\t<\/div>\n\t\t\t\t<div class=\"elementor-element elementor-element-6758b98 elementor-widget elementor-widget-heading\" data-id=\"6758b98\" data-element_type=\"widget\" data-widget_type=\"heading.default\">\n\t\t\t\t<div class=\"elementor-widget-container\">\n\t\t\t<h2 class=\"elementor-heading-title elementor-size-default\">Responsabilidad<br>Servicio<br>Compromiso<br>Disciplina<br>Trabajo en Equipo<\/h2>\t\t<\/div>\n\t\t\t\t<\/div>\n\t\t\t\t\t<\/div>\n\t\t<\/div>\n\t\t\t\t\t\t\t<\/div>\n\t\t<\/section>\n\t\t\t\t<section class=\"elementor-section elementor-top-section elementor-element elementor-element-f815d71 elementor-section-boxed elementor-section-height-default elementor-section-height-default\" data-id=\"f815d71\" data-element_type=\"section\">\n\t\t\t\t\t\t<div class=\"elementor-container elementor-column-gap-default\">\n\t\t\t\t\t<div class=\"elementor-column elementor-col-100 elementor-top-column elementor-element elementor-element-3c6af40\" data-id=\"3c6af40\" data-element_type=\"column\">\n\t\t\t<div class=\"elementor-widget-wrap elementor-element-populated\">\n\t\t\t\t\t\t\t\t<div class=\"elementor-element elementor-element-1cf7f60 elementor-widget elementor-widget-spacer\" data-id=\"1cf7f60\" data-element_type=\"widget\" data-widget_type=\"spacer.default\">\n\t\t\t\t<div class=\"elementor-widget-container\">\n\t\t\t<style>\/*! elementor - v3.14.0 - 18-06-2023 *\/\n.elementor-column .elementor-spacer-inner{height:var(--spacer-size)}.e-con{--container-widget-width:100%}.e-con-inner>.elementor-widget-spacer,.e-con>.elementor-widget-spacer{width:var(--container-widget-width,var(--spacer-size));--align-self:var(--container-widget-align-self,initial);--flex-shrink:0}.e-con-inner>.elementor-widget-spacer>.elementor-widget-container,.e-con-inner>.elementor-widget-spacer>.elementor-widget-container>.elementor-spacer,.e-con>.elementor-widget-spacer>.elementor-widget-container,.e-con>.elementor-widget-spacer>.elementor-widget-container>.elementor-spacer{height:100%}.e-con-inner>.elementor-widget-spacer>.elementor-widget-container>.elementor-spacer>.elementor-spacer-inner,.e-con>.elementor-widget-spacer>.elementor-widget-container>.elementor-spacer>.elementor-spacer-inner{height:var(--container-widget-height,var(--spacer-size))}<\/style>\t\t<div class=\"elementor-spacer\">\n\t\t\t<div class=\"elementor-spacer-inner\"><\/div>\n\t\t<\/div>\n\t\t\t\t<\/div>\n\t\t\t\t<\/div>\n\t\t\t\t\t<\/div>\n\t\t<\/div>\n\t\t\t\t\t\t\t<\/div>\n\t\t<\/section>\n\t\t\t\t\t\t\t<\/div>\n\t\t","protected":false},"excerpt":{"rendered":"<p>Nosotros COMPUTER DOCTOR\u2019S, S.A. empresa paname\u00f1a con m\u00e1s de 20 a\u00f1os de experiencia brindando Asesor\u00eda y soporte t\u00e9cnico a equipos MAC y PC, adem\u00e1s de soluciones de tecnolog\u00eda a clientes tanto empresariales como residenciales. Contamos con una amplia gama de productos tecnol\u00f3gicos de reconocidas marcas con respaldo de garant\u00eda. VISI\u00d3N Crear un sistema de trabajo [&hellip;]<\/p>\n","protected":false},"author":1,"featured_media":0,"parent":0,"menu_order":0,"comment_status":"closed","ping_status":"closed","template":"elementor_canvas","meta":{"footnotes":""},"class_list":["post-34550","page","type-page","status-publish","hentry"],"yoast_head":"<!-- This site is optimized with the Yoast SEO plugin v21.2 - https:\/\/yoast.com\/wordpress\/plugins\/seo\/ -->\n<title>Nosotros - Computer Doctor\u00b4s<\/title>\n<meta name=\"robots\" content=\"index, follow, max-snippet:-1, max-image-preview:large, max-video-preview:-1\" \/>\n<link rel=\"canonical\" href=\"https:\/\/computerdoctors.com.pa\/index.php\/nosotros\/\" \/>\n<meta property=\"og:locale\" content=\"es_ES\" \/>\n<meta property=\"og:type\" content=\"article\" \/>\n<meta property=\"og:title\" content=\"Nosotros - Computer Doctor\u00b4s\" \/>\n<meta property=\"og:description\" content=\"Nosotros COMPUTER DOCTOR\u2019S, S.A. empresa paname\u00f1a con m\u00e1s de 20 a\u00f1os de experiencia brindando Asesor\u00eda y soporte t\u00e9cnico a equipos MAC y PC, adem\u00e1s de soluciones de tecnolog\u00eda a clientes tanto empresariales como residenciales. Contamos con una amplia gama de productos tecnol\u00f3gicos de reconocidas marcas con respaldo de garant\u00eda. VISI\u00d3N Crear un sistema de trabajo [&hellip;]\" \/>\n<meta property=\"og:url\" content=\"https:\/\/computerdoctors.com.pa\/index.php\/nosotros\/\" \/>\n<meta property=\"og:site_name\" content=\"Computer Doctor\u00b4s\" \/>\n<meta property=\"article:modified_time\" content=\"2023-10-24T14:54:08+00:00\" \/>\n<meta name=\"twitter:card\" content=\"summary_large_image\" \/>\n<meta name=\"twitter:label1\" content=\"Tiempo de lectura\" \/>\n\t<meta name=\"twitter:data1\" content=\"1 minuto\" \/>\n<script type=\"application\/ld+json\" class=\"yoast-schema-graph\">{\"@context\":\"https:\/\/schema.org\",\"@graph\":[{\"@type\":\"WebPage\",\"@id\":\"https:\/\/computerdoctors.com.pa\/index.php\/nosotros\/\",\"url\":\"https:\/\/computerdoctors.com.pa\/index.php\/nosotros\/\",\"name\":\"Nosotros - Computer Doctor\u00b4s\",\"isPartOf\":{\"@id\":\"https:\/\/computerdoctors.com.pa\/#website\"},\"datePublished\":\"2023-10-24T14:42:47+00:00\",\"dateModified\":\"2023-10-24T14:54:08+00:00\",\"breadcrumb\":{\"@id\":\"https:\/\/computerdoctors.com.pa\/index.php\/nosotros\/#breadcrumb\"},\"inLanguage\":\"es\",\"potentialAction\":[{\"@type\":\"ReadAction\",\"target\":[\"https:\/\/computerdoctors.com.pa\/index.php\/nosotros\/\"]}]},{\"@type\":\"BreadcrumbList\",\"@id\":\"https:\/\/computerdoctors.com.pa\/index.php\/nosotros\/#breadcrumb\",\"itemListElement\":[{\"@type\":\"ListItem\",\"position\":1,\"name\":\"Home\",\"item\":\"https:\/\/computerdoctors.com.pa\/\"},{\"@type\":\"ListItem\",\"position\":2,\"name\":\"Nosotros\"}]},{\"@type\":\"WebSite\",\"@id\":\"https:\/\/computerdoctors.com.pa\/#website\",\"url\":\"https:\/\/computerdoctors.com.pa\/\",\"name\":\"Computer Doctor\u00b4s\",\"description\":\"Empresa de tecnolog\u00eda\",\"potentialAction\":[{\"@type\":\"SearchAction\",\"target\":{\"@type\":\"EntryPoint\",\"urlTemplate\":\"https:\/\/computerdoctors.com.pa\/?s={search_term_string}\"},\"query-input\":\"required name=search_term_string\"}],\"inLanguage\":\"es\"}]}<\/script>\n<!-- \/ Yoast SEO plugin. -->","yoast_head_json":{"title":"Nosotros - Computer Doctor\u00b4s","robots":{"index":"index","follow":"follow","max-snippet":"max-snippet:-1","max-image-preview":"max-image-preview:large","max-video-preview":"max-video-preview:-1"},"canonical":"https:\/\/computerdoctors.com.pa\/index.php\/nosotros\/","og_locale":"es_ES","og_type":"article","og_title":"Nosotros - Computer Doctor\u00b4s","og_description":"Nosotros COMPUTER DOCTOR\u2019S, S.A. empresa paname\u00f1a con m\u00e1s de 20 a\u00f1os de experiencia brindando Asesor\u00eda y soporte t\u00e9cnico a equipos MAC y PC, adem\u00e1s de soluciones de tecnolog\u00eda a clientes tanto empresariales como residenciales. Contamos con una amplia gama de productos tecnol\u00f3gicos de reconocidas marcas con respaldo de garant\u00eda. VISI\u00d3N Crear un sistema de trabajo [&hellip;]","og_url":"https:\/\/computerdoctors.com.pa\/index.php\/nosotros\/","og_site_name":"Computer Doctor\u00b4s","article_modified_time":"2023-10-24T14:54:08+00:00","twitter_card":"summary_large_image","twitter_misc":{"Tiempo de lectura":"1 minuto"},"schema":{"@context":"https:\/\/schema.org","@graph":[{"@type":"WebPage","@id":"https:\/\/computerdoctors.com.pa\/index.php\/nosotros\/","url":"https:\/\/computerdoctors.com.pa\/index.php\/nosotros\/","name":"Nosotros - Computer Doctor\u00b4s","isPartOf":{"@id":"https:\/\/computerdoctors.com.pa\/#website"},"datePublished":"2023-10-24T14:42:47+00:00","dateModified":"2023-10-24T14:54:08+00:00","breadcrumb":{"@id":"https:\/\/computerdoctors.com.pa\/index.php\/nosotros\/#breadcrumb"},"inLanguage":"es","potentialAction":[{"@type":"ReadAction","target":["https:\/\/computerdoctors.com.pa\/index.php\/nosotros\/"]}]},{"@type":"BreadcrumbList","@id":"https:\/\/computerdoctors.com.pa\/index.php\/nosotros\/#breadcrumb","itemListElement":[{"@type":"ListItem","position":1,"name":"Home","item":"https:\/\/computerdoctors.com.pa\/"},{"@type":"ListItem","position":2,"name":"Nosotros"}]},{"@type":"WebSite","@id":"https:\/\/computerdoctors.com.pa\/#website","url":"https:\/\/computerdoctors.com.pa\/","name":"Computer Doctor\u00b4s","description":"Empresa de tecnolog\u00eda","potentialAction":[{"@type":"SearchAction","target":{"@type":"EntryPoint","urlTemplate":"https:\/\/computerdoctors.com.pa\/?s={search_term_string}"},"query-input":"required name=search_term_string"}],"inLanguage":"es"}]}},"_links":{"self":[{"href":"https:\/\/computerdoctors.com.pa\/index.php\/wp-json\/wp\/v2\/pages\/34550","targetHints":{"allow":["GET"]}}],"collection":[{"href":"https:\/\/computerdoctors.com.pa\/index.php\/wp-json\/wp\/v2\/pages"}],"about":[{"href":"https:\/\/computerdoctors.com.pa\/index.php\/wp-json\/wp\/v2\/types\/page"}],"author":[{"embeddable":true,"href":"https:\/\/computerdoctors.com.pa\/index.php\/wp-json\/wp\/v2\/users\/1"}],"replies":[{"embeddable":true,"href":"https:\/\/computerdoctors.com.pa\/index.php\/wp-json\/wp\/v2\/comments?post=34550"}],"version-history":[{"count":4,"href":"https:\/\/computerdoctors.com.pa\/index.php\/wp-json\/wp\/v2\/pages\/34550\/revisions"}],"predecessor-version":[{"id":34556,"href":"https:\/\/computerdoctors.com.pa\/index.php\/wp-json\/wp\/v2\/pages\/34550\/revisions\/34556"}],"wp:attachment":[{"href":"https:\/\/computerdoctors.com.pa\/index.php\/wp-json\/wp\/v2\/media?parent=34550"}],"curies":[{"name":"wp","href":"https:\/\/api.w.org\/{rel}","templated":true}]}}